{"id":16,"date":"2024-02-01T07:56:59","date_gmt":"2024-02-01T07:56:59","guid":{"rendered":"http:\/\/kokos.nzs.org.pl\/?page_id=16"},"modified":"2026-04-23T22:17:15","modified_gmt":"2026-04-23T22:17:15","slug":"partnerzy","status":"publish","type":"page","link":"https:\/\/kokos.nzs.org.pl\/index.php\/partnerzy\/","title":{"rendered":"Partnerzy"},"content":{"rendered":"\t\t<div data-elementor-type=\"wp-page\" data-elementor-id=\"16\" class=\"elementor elementor-16\">\n\t\t\t\t<div class=\"elementor-element elementor-element-ceb2e9e e-flex e-con-boxed e-con e-parent\" data-id=\"ceb2e9e\" data-element_type=\"container\" data-e-type=\"container\">\n\t\t\t\t\t<div class=\"e-con-inner\">\n\t\t\t\t<div class=\"elementor-element elementor-element-490b0d2 elementor-widget elementor-widget-heading\" data-id=\"490b0d2\" data-element_type=\"widget\" data-e-type=\"widget\" data-widget_type=\"heading.default\">\n\t\t\t\t<div class=\"elementor-widget-container\">\n\t\t\t\t\t<h1 class=\"elementor-heading-title elementor-size-default\">Dlaczego warto z nami wsp\u00f3\u0142pracowa\u0107?<\/h1>\t\t\t\t<\/div>\n\t\t\t\t<\/div>\n\t\t\t\t\t<\/div>\n\t\t\t\t<\/div>\n\t\t<div class=\"elementor-element elementor-element-18f22a1 e-con-full e-flex e-con e-parent\" data-id=\"18f22a1\" data-element_type=\"container\" data-e-type=\"container\">\n\t\t\t\t<div class=\"elementor-element elementor-element-530f86d elementor-widget__width-initial elementor-widget-mobile__width-inherit elementor-widget elementor-widget-text-editor\" data-id=\"530f86d\" data-element_type=\"widget\" data-e-type=\"widget\" data-widget_type=\"text-editor.default\">\n\t\t\t\t<div class=\"elementor-widget-container\">\n\t\t\t\t\t\t\t\t\t<p>Jako najwi\u0119ksza organizacja studencka w Polsce prowadzimy | przedsi\u0119wzi\u0119cia o r\u00f3\u017cnorodnym charakterze oraz anga\u017cuj\u0105ce tysi\u0105ce student\u00f3w. Projekty przez nas prowadzone wymagaj\u0105 wsparcia merytorycznego oraz finansowego, wi\u0119c je\u015bli chc\u0105 Pa\u0144stwo dotrze\u0107 do spo\u0142eczno\u015bci akademickiej i s\u0105 zainteresowani wsp\u00f3\u0142prac\u0105 ze studentami to zapraszamy do kontaktu.<\/p>\n<p><br>Bazujemy na bilateralnych korzy\u015bciach i w zamian mo\u017cemy zaoferowa\u0107<br>m.in.:\u2028<\/p>\n<ul>\n<li><strong>mo\u017cliwo\u015b\u0107 udzia\u0142u w panelach dyskusyjnych<\/strong><\/li>\n<li><strong>wsp\u00f3\u0142organizacj\u0119 certyfikowanych szkole\u0144<\/strong><\/li>\n<li><strong>mo\u017cliwo\u015b\u0107 uczestnictwa w Krajowych Zjazdach NZS<\/strong><\/li>\n<li><strong>promocj\u0119 na stronie internetowej i social mediach<\/strong><br><strong>dost\u0119p do spo\u0142eczno\u015bci akademickiej na 26 polskich uczelniach<\/strong><\/li>\n<li><strong>dystrybucj\u0119 gad\u017cet\u00f3w na wydarzeniach\u2028<\/strong><\/li>\n<\/ul>\n<p>Oczywi\u015bcie to nie wszystko z naszej strony. Jeste\u015bmy r\u00f3wnie\u017c otwarci na wszystkie propozycje.<\/p>\n<p><br><\/p>\t\t\t\t\t\t\t\t<\/div>\n\t\t\t\t<\/div>\n\t\t\t\t<div class=\"elementor-element elementor-element-01755da elementor-widget__width-initial elementor-widget elementor-widget-image\" data-id=\"01755da\" data-element_type=\"widget\" data-e-type=\"widget\" data-widget_type=\"image.default\">\n\t\t\t\t<div class=\"elementor-widget-container\">\n\t\t\t\t\t\t\t\t\t\t\t\t\t\t\t<img fetchpriority=\"high\" decoding=\"async\" width=\"1024\" height=\"825\" src=\"https:\/\/kokos.nzs.org.pl\/wp-content\/uploads\/2026\/02\/partnerzy-1024x825.png\" class=\"attachment-large size-large wp-image-343\" alt=\"\" srcset=\"https:\/\/kokos.nzs.org.pl\/wp-content\/uploads\/2026\/02\/partnerzy-1024x825.png 1024w, https:\/\/kokos.nzs.org.pl\/wp-content\/uploads\/2026\/02\/partnerzy-300x242.png 300w, https:\/\/kokos.nzs.org.pl\/wp-content\/uploads\/2026\/02\/partnerzy-768x619.png 768w, https:\/\/kokos.nzs.org.pl\/wp-content\/uploads\/2026\/02\/partnerzy.png 1152w\" sizes=\"(max-width: 1024px) 100vw, 1024px\" \/>\t\t\t\t\t\t\t\t\t\t\t\t\t\t\t<\/div>\n\t\t\t\t<\/div>\n\t\t\t\t<\/div>\n\t\t<div class=\"elementor-element elementor-element-6012960 e-flex e-con-boxed e-con e-parent\" data-id=\"6012960\" data-element_type=\"container\" data-e-type=\"container\">\n\t\t\t\t\t<div class=\"e-con-inner\">\n\t\t\t\t<div class=\"elementor-element elementor-element-c961feb elementor-widget elementor-widget-heading\" data-id=\"c961feb\" data-element_type=\"widget\" data-e-type=\"widget\" data-widget_type=\"heading.default\">\n\t\t\t\t<div class=\"elementor-widget-container\">\n\t\t\t\t\t<h2 class=\"elementor-heading-title elementor-size-default\">OSOBA KONTAKTOWA<\/h2>\t\t\t\t<\/div>\n\t\t\t\t<\/div>\n\t\t\t\t\t<\/div>\n\t\t\t\t<\/div>\n\t\t<div class=\"elementor-element elementor-element-bce9a55 e-flex e-con-boxed e-con e-parent\" data-id=\"bce9a55\" data-element_type=\"container\" data-e-type=\"container\">\n\t\t\t\t\t<div class=\"e-con-inner\">\n\t\t<div class=\"elementor-element elementor-element-27fd47e e-flex e-con-boxed e-con e-child\" data-id=\"27fd47e\" data-element_type=\"container\" data-e-type=\"container\">\n\t\t\t\t\t<div class=\"e-con-inner\">\n\t\t<div class=\"elementor-element elementor-element-3c93b5a e-con-full e-grid e-con e-child\" data-id=\"3c93b5a\" data-element_type=\"container\" data-e-type=\"container\">\n\t\t\t\t<div class=\"elementor-element elementor-element-52cb37c elementor-widget elementor-widget-image\" data-id=\"52cb37c\" data-element_type=\"widget\" data-e-type=\"widget\" data-widget_type=\"image.default\">\n\t\t\t\t<div class=\"elementor-widget-container\">\n\t\t\t\t\t\t\t\t\t\t\t\t\t\t\t<img decoding=\"async\" src=\"https:\/\/kokos.nzs.org.pl\/wp-content\/uploads\/2025\/11\/DSC_0781-3-scaled-e1763729438983.jpg\" title=\"DSC_0781-3\" alt=\"DSC_0781-3\" loading=\"lazy\" \/>\t\t\t\t\t\t\t\t\t\t\t\t\t\t\t<\/div>\n\t\t\t\t<\/div>\n\t\t\t\t<div class=\"elementor-element elementor-element-9688e48 elementor-widget__width-inherit elementor-widget elementor-widget-text-editor\" data-id=\"9688e48\" data-element_type=\"widget\" data-e-type=\"widget\" data-widget_type=\"text-editor.default\">\n\t\t\t\t<div class=\"elementor-widget-container\">\n\t\t\t\t\t\t\t\t\t<h4><strong><span style=\"color: #005300;\">Jan Zawacki<br \/><\/span><\/strong><\/h4><p><span style=\"color: #707070;\">Wiceprzewodnicz\u0105cy<\/span><\/p><p><span style=\"color: #707070;\">ds. Partner\u00f3w<\/span><\/p><p><img decoding=\"async\" class=\"alignnone size-full wp-image-341\" src=\"http:\/\/kokos.nzs.org.pl\/wp-content\/uploads\/2026\/02\/mail_icon.png\" alt=\"\" width=\"36\" height=\"34\" \/>\u00a0<strong>jan.zawacki@nzs.org.pl<\/strong><\/p><p><img decoding=\"async\" class=\"alignnone size-full wp-image-342\" src=\"http:\/\/kokos.nzs.org.pl\/wp-content\/uploads\/2026\/02\/telephone_icon.png\" alt=\"\" width=\"36\" height=\"34\" \/> <strong>+48 503 878 889<\/strong><\/p>\t\t\t\t\t\t\t\t<\/div>\n\t\t\t\t<\/div>\n\t\t\t\t<\/div>\n\t\t\t\t\t<\/div>\n\t\t\t\t<\/div>\n\t\t\t\t\t<\/div>\n\t\t\t\t<\/div>\n\t\t\t\t<\/div>\n\t\t","protected":false},"excerpt":{"rendered":"<p>Dlaczego warto z nami wsp\u00f3\u0142pracowa\u0107? Jako najwi\u0119ksza organizacja studencka w Polsce prowadzimy | przedsi\u0119wzi\u0119cia o r\u00f3\u017cnorodnym charakterze oraz anga\u017cuj\u0105ce tysi\u0105ce student\u00f3w. Projekty przez nas prowadzone wymagaj\u0105 wsparcia merytorycznego oraz finansowego, wi\u0119c je\u015bli chc\u0105 Pa\u0144stwo dotrze\u0107 do spo\u0142eczno\u015bci akademickiej i s\u0105 zainteresowani wsp\u00f3\u0142prac\u0105 ze studentami to zapraszamy do kontaktu. Bazujemy na bilateralnych korzy\u015bciach i w zamian [&hellip;]<\/p>\n","protected":false},"author":1,"featured_media":0,"parent":0,"menu_order":0,"comment_status":"closed","ping_status":"closed","template":"","meta":{"footnotes":""},"class_list":["post-16","page","type-page","status-publish","hentry"],"blocksy_meta":[],"_links":{"self":[{"href":"https:\/\/kokos.nzs.org.pl\/index.php\/wp-json\/wp\/v2\/pages\/16","targetHints":{"allow":["GET"]}}],"collection":[{"href":"https:\/\/kokos.nzs.org.pl\/index.php\/wp-json\/wp\/v2\/pages"}],"about":[{"href":"https:\/\/kokos.nzs.org.pl\/index.php\/wp-json\/wp\/v2\/types\/page"}],"author":[{"embeddable":true,"href":"https:\/\/kokos.nzs.org.pl\/index.php\/wp-json\/wp\/v2\/users\/1"}],"replies":[{"embeddable":true,"href":"https:\/\/kokos.nzs.org.pl\/index.php\/wp-json\/wp\/v2\/comments?post=16"}],"version-history":[{"count":154,"href":"https:\/\/kokos.nzs.org.pl\/index.php\/wp-json\/wp\/v2\/pages\/16\/revisions"}],"predecessor-version":[{"id":812,"href":"https:\/\/kokos.nzs.org.pl\/index.php\/wp-json\/wp\/v2\/pages\/16\/revisions\/812"}],"wp:attachment":[{"href":"https:\/\/kokos.nzs.org.pl\/index.php\/wp-json\/wp\/v2\/media?parent=16"}],"curies":[{"name":"wp","href":"https:\/\/api.w.org\/{rel}","templated":true}]}}