{"id":18,"date":"2024-02-01T07:57:22","date_gmt":"2024-02-01T07:57:22","guid":{"rendered":"http:\/\/kokos.nzs.org.pl\/?page_id=18"},"modified":"2026-03-03T22:20:07","modified_gmt":"2026-03-03T22:20:07","slug":"o-konkursie","status":"publish","type":"page","link":"https:\/\/kokos.nzs.org.pl\/index.php\/o-konkursie\/","title":{"rendered":"O konkursie"},"content":{"rendered":"\t\t<div data-elementor-type=\"wp-page\" data-elementor-id=\"18\" class=\"elementor elementor-18\">\n\t\t\t\t<div class=\"elementor-element elementor-element-74fa005 e-flex e-con-boxed e-con e-parent\" data-id=\"74fa005\" data-element_type=\"container\" data-e-type=\"container\">\n\t\t\t\t\t<div class=\"e-con-inner\">\n\t\t\t\t<div class=\"elementor-element elementor-element-8790bf2 elementor-widget-mobile__width-initial elementor-widget elementor-widget-text-editor\" data-id=\"8790bf2\" data-element_type=\"widget\" data-e-type=\"widget\" data-widget_type=\"text-editor.default\">\n\t\t\t\t<div class=\"elementor-widget-container\">\n\t\t\t\t\t\t\t\t\t<p><strong><span style=\"color: #005300;\">KO<\/span><span style=\"color: #000000;\">nkurs<\/span> <span style=\"color: #005300;\">KO<\/span><span style=\"color: #000000;\">nstrukcji<\/span> <span style=\"color: #005300;\">S<\/span><span style=\"color: #000000;\">tudenckich KOKOS<\/span><\/strong><\/p>\t\t\t\t\t\t\t\t<\/div>\n\t\t\t\t<\/div>\n\t\t\t\t\t<\/div>\n\t\t\t\t<\/div>\n\t\t<div class=\"elementor-element elementor-element-d30cf69 e-grid e-con-boxed e-con e-parent\" data-id=\"d30cf69\" data-element_type=\"container\" data-e-type=\"container\">\n\t\t\t\t\t<div class=\"e-con-inner\">\n\t\t\t\t<div class=\"elementor-element elementor-element-7769e97 elementor-widget elementor-widget-text-editor\" data-id=\"7769e97\" data-element_type=\"widget\" data-e-type=\"widget\" data-widget_type=\"text-editor.default\">\n\t\t\t\t<div class=\"elementor-widget-container\">\n\t\t\t\t\t\t\t\t\t<h3><span style=\"color: #005300;\">Dla kogo jest KOKOS?<\/span><\/h3><p><span style=\"color: #707070;\">Konkurs Konstrukcji Studenckich KOKOS jest konkursem cyklicznym organizowanym przez Niezale\u017cne Zrzeszenie Student\u00f3w, kierowanym \u2028do student\u00f3w uczelni technicznych z ca\u0142ej Polski, student\u00f3w dzia\u0142aj\u0105cych w ko\u0142ach naukowych \u2028oraz zainteresowanych nowymi technologiami.<\/span><br \/><span style=\"color: #707070;\">Zosta\u0142 stworzony by pom\u00f3c w komercjalizacji innowacyjnych wynalazkow.<\/span><\/p>\t\t\t\t\t\t\t\t<\/div>\n\t\t\t\t<\/div>\n\t\t\t\t<div class=\"elementor-element elementor-element-af2c593 elementor-widget elementor-widget-image\" data-id=\"af2c593\" data-element_type=\"widget\" data-e-type=\"widget\" data-widget_type=\"image.default\">\n\t\t\t\t<div class=\"elementor-widget-container\">\n\t\t\t\t\t\t\t\t\t\t\t\t\t\t\t<img fetchpriority=\"high\" decoding=\"async\" width=\"1024\" height=\"683\" src=\"https:\/\/kokos.nzs.org.pl\/wp-content\/uploads\/2026\/02\/O-konkursie-1024x683.jpg\" class=\"attachment-large size-large wp-image-354\" alt=\"\" srcset=\"https:\/\/kokos.nzs.org.pl\/wp-content\/uploads\/2026\/02\/O-konkursie-1024x683.jpg 1024w, https:\/\/kokos.nzs.org.pl\/wp-content\/uploads\/2026\/02\/O-konkursie-300x200.jpg 300w, https:\/\/kokos.nzs.org.pl\/wp-content\/uploads\/2026\/02\/O-konkursie-768x512.jpg 768w, https:\/\/kokos.nzs.org.pl\/wp-content\/uploads\/2026\/02\/O-konkursie-1536x1024.jpg 1536w, https:\/\/kokos.nzs.org.pl\/wp-content\/uploads\/2026\/02\/O-konkursie-2048x1366.jpg 2048w\" sizes=\"(max-width: 1024px) 100vw, 1024px\" \/>\t\t\t\t\t\t\t\t\t\t\t\t\t\t\t<\/div>\n\t\t\t\t<\/div>\n\t\t\t\t<div class=\"elementor-element elementor-element-13da312 elementor-widget elementor-widget-image\" data-id=\"13da312\" data-element_type=\"widget\" data-e-type=\"widget\" data-widget_type=\"image.default\">\n\t\t\t\t<div class=\"elementor-widget-container\">\n\t\t\t\t\t\t\t\t\t\t\t\t\t\t\t<img decoding=\"async\" width=\"1024\" height=\"683\" src=\"https:\/\/kokos.nzs.org.pl\/wp-content\/uploads\/2026\/02\/O-konkursie-2-1024x683.jpg\" class=\"attachment-large size-large wp-image-355\" alt=\"\" srcset=\"https:\/\/kokos.nzs.org.pl\/wp-content\/uploads\/2026\/02\/O-konkursie-2-1024x683.jpg 1024w, https:\/\/kokos.nzs.org.pl\/wp-content\/uploads\/2026\/02\/O-konkursie-2-300x200.jpg 300w, https:\/\/kokos.nzs.org.pl\/wp-content\/uploads\/2026\/02\/O-konkursie-2-768x512.jpg 768w, https:\/\/kokos.nzs.org.pl\/wp-content\/uploads\/2026\/02\/O-konkursie-2-1536x1024.jpg 1536w, https:\/\/kokos.nzs.org.pl\/wp-content\/uploads\/2026\/02\/O-konkursie-2-2048x1366.jpg 2048w\" sizes=\"(max-width: 1024px) 100vw, 1024px\" \/>\t\t\t\t\t\t\t\t\t\t\t\t\t\t\t<\/div>\n\t\t\t\t<\/div>\n\t\t\t\t<div class=\"elementor-element elementor-element-e22d02a elementor-widget elementor-widget-text-editor\" data-id=\"e22d02a\" data-element_type=\"widget\" data-e-type=\"widget\" data-widget_type=\"text-editor.default\">\n\t\t\t\t<div class=\"elementor-widget-container\">\n\t\t\t\t\t\t\t\t\t<h3><span style=\"color: #005300;\">Cel konkursu<\/span><\/h3><p><span style=\"color: #707070;\">Celem konkursu KOKOS jest wy\u0142onienie \u2028i nagrodzenie najbardziej utalentowanych m\u0142odych konstruktor\u00f3w oraz propagowanie idei innowacyjno\u015bci i wynalazczo\u015bci w\u015br\u00f3dm\u0142odych ludzi. Udzia\u0142 w projekcie daje mo\u017cliwo\u015b\u0107 skonfrontowania swoich prac z wymagaj\u0105cym \u015bwiatem biznesu oraz pozyskania przysz\u0142ych inwestor\u00f3w, co mo\u017ce przyczyni\u0107 si\u0119 do dalszego rozwoju ich projekt\u00f3w i sukces\u00f3w na drodze zawodowej.<\/span><\/p>\t\t\t\t\t\t\t\t<\/div>\n\t\t\t\t<\/div>\n\t\t\t\t\t<\/div>\n\t\t\t\t<\/div>\n\t\t<div class=\"elementor-element elementor-element-d0396d0 e-flex e-con-boxed e-con e-parent\" data-id=\"d0396d0\" data-element_type=\"container\" data-e-type=\"container\">\n\t\t\t\t\t<div class=\"e-con-inner\">\n\t\t\t\t<div class=\"elementor-element elementor-element-5f6c4f2 elementor-widget elementor-widget-heading\" data-id=\"5f6c4f2\" data-element_type=\"widget\" data-e-type=\"widget\" data-widget_type=\"heading.default\">\n\t\t\t\t<div class=\"elementor-widget-container\">\n\t\t\t\t\t<h3 class=\"elementor-heading-title elementor-size-default\">Dlaczego warto wzi\u0105\u0107 udzia\u0142?<\/h3>\t\t\t\t<\/div>\n\t\t\t\t<\/div>\n\t\t\t\t\t<\/div>\n\t\t\t\t<\/div>\n\t\t<div class=\"elementor-element elementor-element-5450685 e-grid e-con-boxed e-con e-parent\" data-id=\"5450685\" data-element_type=\"container\" data-e-type=\"container\">\n\t\t\t\t\t<div class=\"e-con-inner\">\n\t\t<div class=\"elementor-element elementor-element-b4333eb e-con-full e-flex e-con e-child\" data-id=\"b4333eb\" data-element_type=\"container\" data-e-type=\"container\" data-settings=\"{&quot;background_background&quot;:&quot;classic&quot;}\">\n\t\t\t\t<div class=\"elementor-element elementor-element-49cd5d4 elementor-widget elementor-widget-text-editor\" data-id=\"49cd5d4\" data-element_type=\"widget\" data-e-type=\"widget\" data-widget_type=\"text-editor.default\">\n\t\t\t\t<div class=\"elementor-widget-container\">\n\t\t\t\t\t\t\t\t\t<p><img decoding=\"async\" class=\"size-full wp-image-356 alignnone\" src=\"http:\/\/kokos.nzs.org.pl\/wp-content\/uploads\/2026\/02\/Group-37.png\" alt=\"\" width=\"44\" height=\"42\" \/><\/p><h4><strong><span style=\"color: #000000;\">Szansa na pozyskanie inwestora<\/span><\/strong><\/h4>\t\t\t\t\t\t\t\t<\/div>\n\t\t\t\t<\/div>\n\t\t\t\t<\/div>\n\t\t<div class=\"elementor-element elementor-element-b28d973 e-con-full e-flex e-con e-child\" data-id=\"b28d973\" data-element_type=\"container\" data-e-type=\"container\" data-settings=\"{&quot;background_background&quot;:&quot;classic&quot;}\">\n\t\t\t\t<div class=\"elementor-element elementor-element-d8a26ba elementor-widget elementor-widget-text-editor\" data-id=\"d8a26ba\" data-element_type=\"widget\" data-e-type=\"widget\" data-widget_type=\"text-editor.default\">\n\t\t\t\t<div class=\"elementor-widget-container\">\n\t\t\t\t\t\t\t\t\t<p><img loading=\"lazy\" decoding=\"async\" class=\"alignnone size-full wp-image-358\" src=\"http:\/\/kokos.nzs.org.pl\/wp-content\/uploads\/2026\/02\/Group-39.png\" alt=\"\" width=\"43\" height=\"42\" \/>\u00a0<\/p><h4><strong><span style=\"color: #000000;\">Rozw\u00f3j sieci kontakt\u00f3w zawodowych<\/span><\/strong><\/h4>\t\t\t\t\t\t\t\t<\/div>\n\t\t\t\t<\/div>\n\t\t\t\t<\/div>\n\t\t<div class=\"elementor-element elementor-element-732f06e e-con-full e-flex e-con e-child\" data-id=\"732f06e\" data-element_type=\"container\" data-e-type=\"container\" data-settings=\"{&quot;background_background&quot;:&quot;classic&quot;}\">\n\t\t\t\t<div class=\"elementor-element elementor-element-e4049b3 elementor-widget elementor-widget-text-editor\" data-id=\"e4049b3\" data-element_type=\"widget\" data-e-type=\"widget\" data-widget_type=\"text-editor.default\">\n\t\t\t\t<div class=\"elementor-widget-container\">\n\t\t\t\t\t\t\t\t\t<p><img loading=\"lazy\" decoding=\"async\" class=\"alignnone size-full wp-image-357\" src=\"http:\/\/kokos.nzs.org.pl\/wp-content\/uploads\/2026\/02\/Group-38.png\" alt=\"\" width=\"43\" height=\"42\" \/><\/p><h4><strong><span style=\"color: #000000;\">Atrakcyjne nagrody dla laureat\u00f3w<\/span><\/strong><\/h4>\t\t\t\t\t\t\t\t<\/div>\n\t\t\t\t<\/div>\n\t\t\t\t<\/div>\n\t\t\t\t\t<\/div>\n\t\t\t\t<\/div>\n\t\t\t\t<\/div>\n\t\t","protected":false},"excerpt":{"rendered":"<p>KOnkurs KOnstrukcji Studenckich KOKOS Dla kogo jest KOKOS? Konkurs Konstrukcji Studenckich KOKOS jest konkursem cyklicznym organizowanym przez Niezale\u017cne Zrzeszenie Student\u00f3w, kierowanym \u2028do student\u00f3w uczelni technicznych z ca\u0142ej Polski, student\u00f3w dzia\u0142aj\u0105cych w ko\u0142ach naukowych \u2028oraz zainteresowanych nowymi technologiami.Zosta\u0142 stworzony by pom\u00f3c w komercjalizacji innowacyjnych wynalazkow. Cel konkursu Celem konkursu KOKOS jest wy\u0142onienie \u2028i nagrodzenie najbardziej utalentowanych [&hellip;]<\/p>\n","protected":false},"author":1,"featured_media":0,"parent":0,"menu_order":0,"comment_status":"closed","ping_status":"closed","template":"","meta":{"footnotes":""},"class_list":["post-18","page","type-page","status-publish","hentry"],"blocksy_meta":[],"_links":{"self":[{"href":"https:\/\/kokos.nzs.org.pl\/index.php\/wp-json\/wp\/v2\/pages\/18","targetHints":{"allow":["GET"]}}],"collection":[{"href":"https:\/\/kokos.nzs.org.pl\/index.php\/wp-json\/wp\/v2\/pages"}],"about":[{"href":"https:\/\/kokos.nzs.org.pl\/index.php\/wp-json\/wp\/v2\/types\/page"}],"author":[{"embeddable":true,"href":"https:\/\/kokos.nzs.org.pl\/index.php\/wp-json\/wp\/v2\/users\/1"}],"replies":[{"embeddable":true,"href":"https:\/\/kokos.nzs.org.pl\/index.php\/wp-json\/wp\/v2\/comments?post=18"}],"version-history":[{"count":121,"href":"https:\/\/kokos.nzs.org.pl\/index.php\/wp-json\/wp\/v2\/pages\/18\/revisions"}],"predecessor-version":[{"id":686,"href":"https:\/\/kokos.nzs.org.pl\/index.php\/wp-json\/wp\/v2\/pages\/18\/revisions\/686"}],"wp:attachment":[{"href":"https:\/\/kokos.nzs.org.pl\/index.php\/wp-json\/wp\/v2\/media?parent=18"}],"curies":[{"name":"wp","href":"https:\/\/api.w.org\/{rel}","templated":true}]}}