{"id":222,"date":"2025-03-09T20:10:39","date_gmt":"2025-03-09T20:10:39","guid":{"rendered":"https:\/\/kokos.nzs.org.pl\/?page_id=222"},"modified":"2026-03-03T10:46:27","modified_gmt":"2026-03-03T10:46:27","slug":"formularz-zgloszeniowy","status":"publish","type":"page","link":"https:\/\/kokos.nzs.org.pl\/index.php\/formularz-zgloszeniowy\/","title":{"rendered":"Formularz zg\u0142oszeniowy"},"content":{"rendered":"\t\t<div data-elementor-type=\"wp-page\" data-elementor-id=\"222\" class=\"elementor elementor-222\">\n\t\t\t\t<div class=\"elementor-element elementor-element-6e234b39 e-flex e-con-boxed e-con e-parent\" data-id=\"6e234b39\" data-element_type=\"container\" data-e-type=\"container\">\n\t\t\t\t\t<div class=\"e-con-inner\">\n\t\t\t\t<div class=\"elementor-element elementor-element-98d8166 elementor-widget elementor-widget-text-editor\" data-id=\"98d8166\" data-element_type=\"widget\" data-e-type=\"widget\" data-widget_type=\"text-editor.default\">\n\t\t\t\t<div class=\"elementor-widget-container\">\n\t\t\t\t\t\t\t\t\t\n<div class=\"forminator-guttenberg\"><div class=\"forminator-ui forminator-custom-form forminator-custom-form-309   forminator_ajax\" data-forminator-render=\"0\" data-form=\"forminator-module-309\" data-uid=\"69e76c0c8a48b\"><br\/><\/div><form\n\t\t\t\tid=\"forminator-module-309\"\n\t\t\t\tclass=\"forminator-ui forminator-custom-form forminator-custom-form-309   forminator_ajax\"\n\t\t\t\tmethod=\"post\"\n\t\t\t\tdata-forminator-render=\"0\"\n\t\t\t\tdata-form-id=\"309\"\n\t\t\t\t data-color-option=\"theme\" data-design=\"none\" data-grid=\"open\" style=\"display: none;\"\n\t\t\t\tdata-uid=\"69e76c0c8a48b\"\n\t\t\t><div role=\"alert\" aria-live=\"polite\" class=\"forminator-response-message forminator-error\" aria-hidden=\"true\"><\/div><div class=\"forminator-row\"><div id=\"name-1\" class=\"forminator-field-name forminator-col forminator-col-6 \"><div class=\"forminator-field\"><label for=\"forminator-field-name-1_69e76c0c8a48b\" id=\"forminator-field-name-1_69e76c0c8a48b-label\" class=\"forminator-label\">Nazwa zespo\u0142u: <span class=\"forminator-required\">*<\/span><\/label><input type=\"text\" name=\"name-1\" value=\"\" placeholder=\"\" id=\"forminator-field-name-1_69e76c0c8a48b\" class=\"forminator-input forminator-name--field\" aria-required=\"true\" autocomplete=\"name\" \/><\/div><\/div><div id=\"number-1\" class=\"forminator-field-number forminator-col forminator-col-6 \"><div class=\"forminator-field\"><label for=\"forminator-field-number-1_69e76c0c8a48b\" id=\"forminator-field-number-1_69e76c0c8a48b-label\" class=\"forminator-label\">Liczba cz\u0142onk\u00f3w zespo\u0142u: <span class=\"forminator-required\">*<\/span><\/label><input name=\"number-1\" value=\"1\" placeholder=\"4\" id=\"forminator-field-number-1_69e76c0c8a48b\" class=\"forminator-input forminator-number--field\" inputmode=\"decimal\" data-required=\"1\" data-decimals=\"0\" aria-required=\"true\" data-inputmask=\"&#039;groupSeparator&#039;: &#039;&#039;, &#039;radixPoint&#039;: &#039;&#039;, &#039;digits&#039;: &#039;0&#039;\" data-hidden-behavior=\"zero\" type=\"number\" step=\"any\" min=\"1\" max=\"4\" \/><\/div><\/div><\/div><div class=\"forminator-row\"><div id=\"name-5\" class=\"forminator-field-name forminator-col forminator-col-12 \"><div class=\"forminator-field\"><label for=\"forminator-field-name-5_69e76c0c8a48b\" id=\"forminator-field-name-5_69e76c0c8a48b-label\" class=\"forminator-label\">Imi\u0119 i nazwisko lidera zespo\u0142u: <span class=\"forminator-required\">*<\/span><\/label><input type=\"text\" name=\"name-5\" value=\"\" placeholder=\"Na przyk\u0142ad: Jan Kowalski\" id=\"forminator-field-name-5_69e76c0c8a48b\" class=\"forminator-input forminator-name--field\" aria-required=\"true\" autocomplete=\"name\" \/><\/div><\/div><\/div><div class=\"forminator-row\"><div id=\"phone-1\" class=\"forminator-field-phone forminator-col forminator-col-6 \"><div class=\"forminator-field\"><label for=\"forminator-field-phone-1_69e76c0c8a48b\" id=\"forminator-field-phone-1_69e76c0c8a48b-label\" class=\"forminator-label\">Numer telefonu: <span class=\"forminator-required\">*<\/span><\/label><input type=\"text\" name=\"phone-1\" value=\"\" placeholder=\"Przyk\u0142ad: +48 300 400 5000\" id=\"forminator-field-phone-1_69e76c0c8a48b\" class=\"forminator-input forminator-field--phone\" data-required=\"1\" aria-required=\"true\" autocomplete=\"off\" \/><\/div><\/div><div id=\"email-1\" class=\"forminator-field-email forminator-col forminator-col-6 \"><div class=\"forminator-field\"><label for=\"forminator-field-email-1_69e76c0c8a48b\" id=\"forminator-field-email-1_69e76c0c8a48b-label\" class=\"forminator-label\">Adres e-mail: <span class=\"forminator-required\">*<\/span><\/label><input type=\"email\" name=\"email-1\" value=\"\" placeholder=\"Na przyk\u0142ad: jan@kowalski.com\" id=\"forminator-field-email-1_69e76c0c8a48b\" class=\"forminator-input forminator-email--field\" data-required=\"1\" aria-required=\"true\" autocomplete=\"email\" \/><\/div><\/div><\/div><div class=\"forminator-row\"><div id=\"name-2\" class=\"forminator-field-name forminator-col forminator-col-12 \"><div class=\"forminator-field\"><label for=\"forminator-field-name-2_69e76c0c8a48b\" id=\"forminator-field-name-2_69e76c0c8a48b-label\" class=\"forminator-label\">Imi\u0119 i nazwisko cz\u0142onka zespo\u0142u:<\/label><div><span id=\"forminator-field-name-2_69e76c0c8a48b-description\" class=\"forminator-description\">(wype\u0142nij, je\u015bli zesp\u00f3\u0142 liczy dwie osoby)<\/span><\/div><input type=\"text\" name=\"name-2\" value=\"\" placeholder=\"Na przyk\u0142ad: Jan Kowalski\" id=\"forminator-field-name-2_69e76c0c8a48b\" class=\"forminator-input forminator-name--field\" aria-required=\"false\" autocomplete=\"name\" aria-describedby=\"forminator-field-name-2_69e76c0c8a48b-description\" \/><\/div><\/div><\/div><div class=\"forminator-row\"><div id=\"name-3\" class=\"forminator-field-name forminator-col forminator-col-12 \"><div class=\"forminator-field\"><label for=\"forminator-field-name-3_69e76c0c8a48b\" id=\"forminator-field-name-3_69e76c0c8a48b-label\" class=\"forminator-label\">Imi\u0119 i nazwisko cz\u0142onka zespo\u0142u:<\/label><div><span id=\"forminator-field-name-3_69e76c0c8a48b-description\" class=\"forminator-description\">(wype\u0142nij, je\u015bli zesp\u00f3\u0142 liczy trzy osoby)<\/span><\/div><input type=\"text\" name=\"name-3\" value=\"\" placeholder=\"Na przyk\u0142ad: Jan Kowalski\" id=\"forminator-field-name-3_69e76c0c8a48b\" class=\"forminator-input forminator-name--field\" aria-required=\"false\" autocomplete=\"name\" aria-describedby=\"forminator-field-name-3_69e76c0c8a48b-description\" \/><\/div><\/div><\/div><div class=\"forminator-row\"><div id=\"name-4\" class=\"forminator-field-name forminator-col forminator-col-12 \"><div class=\"forminator-field\"><label for=\"forminator-field-name-4_69e76c0c8a48b\" id=\"forminator-field-name-4_69e76c0c8a48b-label\" class=\"forminator-label\">Imi\u0119 i nazwisko cz\u0142onka zespo\u0142u:<\/label><div><span id=\"forminator-field-name-4_69e76c0c8a48b-description\" class=\"forminator-description\">(wype\u0142nij, je\u015bli zesp\u00f3\u0142 liczy cztery osoby)<\/span><\/div><input type=\"text\" name=\"name-4\" value=\"\" placeholder=\"Na przyk\u0142ad: Jan Kowalski\" id=\"forminator-field-name-4_69e76c0c8a48b\" class=\"forminator-input forminator-name--field\" aria-required=\"false\" autocomplete=\"name\" aria-describedby=\"forminator-field-name-4_69e76c0c8a48b-description\" \/><\/div><\/div><\/div><div class=\"forminator-row\"><div id=\"radio-1\" class=\"forminator-field-radio forminator-col forminator-col-12 \"><div role=\"radiogroup\" class=\"forminator-field\" aria-labelledby=\"forminator-radiogroup-radio-1-69e76c0c8a48b-label\"><span id=\"forminator-radiogroup-radio-1-69e76c0c8a48b-label\" class=\"forminator-label\">Kategoria konkursowa: <span class=\"forminator-required\">*<\/span><\/span><label id=\"forminator-field-radio-1-label-1\" for=\"forminator-field-radio-1-1-69e76c0c8a48b\" class=\"forminator-radio\" title=\"Vehicle\"><input type=\"radio\" name=\"radio-1\" value=\"one\" id=\"forminator-field-radio-1-1-69e76c0c8a48b\" aria-labelledby=\"forminator-field-radio-1-label-1\" data-calculation=\"0\"   data-hidden-behavior=\"zero\"\/><span class=\"forminator-radio-bullet\" aria-hidden=\"true\"><\/span><span class=\"forminator-radio-label\">Vehicle<\/span><\/label><label id=\"forminator-field-radio-1-label-2\" for=\"forminator-field-radio-1-2-69e76c0c8a48b\" class=\"forminator-radio\" title=\"Smart robots\"><input type=\"radio\" name=\"radio-1\" value=\"two\" id=\"forminator-field-radio-1-2-69e76c0c8a48b\" aria-labelledby=\"forminator-field-radio-1-label-2\" data-calculation=\"0\"   data-hidden-behavior=\"zero\"\/><span class=\"forminator-radio-bullet\" aria-hidden=\"true\"><\/span><span class=\"forminator-radio-label\">Smart robots<\/span><\/label><label id=\"forminator-field-radio-1-label-3\" for=\"forminator-field-radio-1-3-69e76c0c8a48b\" class=\"forminator-radio\" title=\"Printer\"><input type=\"radio\" name=\"radio-1\" value=\"Printer\" id=\"forminator-field-radio-1-3-69e76c0c8a48b\" aria-labelledby=\"forminator-field-radio-1-label-3\" data-calculation=\"0\"   data-hidden-behavior=\"zero\"\/><span class=\"forminator-radio-bullet\" aria-hidden=\"true\"><\/span><span class=\"forminator-radio-label\">Printer<\/span><\/label><label id=\"forminator-field-radio-1-label-4\" for=\"forminator-field-radio-1-4-69e76c0c8a48b\" class=\"forminator-radio\" title=\"Sky\"><input type=\"radio\" name=\"radio-1\" value=\"Sky\" id=\"forminator-field-radio-1-4-69e76c0c8a48b\" aria-labelledby=\"forminator-field-radio-1-label-4\" data-calculation=\"0\"   data-hidden-behavior=\"zero\"\/><span class=\"forminator-radio-bullet\" aria-hidden=\"true\"><\/span><span class=\"forminator-radio-label\">Sky<\/span><\/label><label id=\"forminator-field-radio-1-label-5\" for=\"forminator-field-radio-1-5-69e76c0c8a48b\" class=\"forminator-radio\" title=\"Life upgrade\"><input type=\"radio\" name=\"radio-1\" value=\"Life-upgrade\" id=\"forminator-field-radio-1-5-69e76c0c8a48b\" aria-labelledby=\"forminator-field-radio-1-label-5\" data-calculation=\"0\"   data-hidden-behavior=\"zero\"\/><span class=\"forminator-radio-bullet\" aria-hidden=\"true\"><\/span><span class=\"forminator-radio-label\">Life upgrade<\/span><\/label><label id=\"forminator-field-radio-1-label-6\" for=\"forminator-field-radio-1-6-69e76c0c8a48b\" class=\"forminator-radio\" title=\"Ecology\"><input type=\"radio\" name=\"radio-1\" value=\"Ecology\" id=\"forminator-field-radio-1-6-69e76c0c8a48b\" aria-labelledby=\"forminator-field-radio-1-label-6\" data-calculation=\"0\"   data-hidden-behavior=\"zero\"\/><span class=\"forminator-radio-bullet\" aria-hidden=\"true\"><\/span><span class=\"forminator-radio-label\">Ecology<\/span><\/label><label id=\"forminator-field-radio-1-label-7\" for=\"forminator-field-radio-1-7-69e76c0c8a48b\" class=\"forminator-radio\" title=\"Joker\"><input type=\"radio\" name=\"radio-1\" value=\"Joker\" id=\"forminator-field-radio-1-7-69e76c0c8a48b\" aria-labelledby=\"forminator-field-radio-1-label-7\" data-calculation=\"0\"   data-hidden-behavior=\"zero\"\/><span class=\"forminator-radio-bullet\" aria-hidden=\"true\"><\/span><span class=\"forminator-radio-label\">Joker<\/span><\/label><\/div><\/div><\/div><div class=\"forminator-row\"><div id=\"text-1\" class=\"forminator-field-text forminator-col forminator-col-12 \"><div class=\"forminator-field\"><label for=\"forminator-field-text-1_69e76c0c8a48b\" id=\"forminator-field-text-1_69e76c0c8a48b-label\" class=\"forminator-label\">Nazwa konstrukcji: <span class=\"forminator-required\">*<\/span><\/label><input type=\"text\" name=\"text-1\" value=\"\" placeholder=\"\" id=\"forminator-field-text-1_69e76c0c8a48b\" class=\"forminator-input forminator-name--field\" data-required=\"1\" \/><\/div><\/div><\/div><div class=\"forminator-row\"><div id=\"textarea-1\" class=\"forminator-field-textarea forminator-col forminator-col-12 \"><div class=\"forminator-field\"><label for=\"forminator-field-textarea-1_69e76c0c8a48b\" id=\"forminator-field-textarea-1_69e76c0c8a48b-label\" class=\"forminator-label\">Kr\u00f3tki opis konstrukcji: <span class=\"forminator-required\">*<\/span><\/label><div><span id=\"forminator-field-textarea-1_69e76c0c8a48b-description\" class=\"forminator-description\"><span data-limit=\"500\" data-type=\"characters\" data-editor=\"\">0 \/ 500<\/span><\/span><\/div><textarea name=\"textarea-1\" placeholder=\"\" id=\"forminator-field-textarea-1_69e76c0c8a48b\" class=\"forminator-textarea\" rows=\"6\" style=\"min-height:140px;\" maxlength=\"500\" ><\/textarea><\/div><\/div><\/div><div class=\"forminator-row\"><div id=\"text-2\" class=\"forminator-field-text forminator-col forminator-col-12 \"><div class=\"forminator-field\"><label for=\"forminator-field-text-2_69e76c0c8a48b\" id=\"forminator-field-text-2_69e76c0c8a48b-label\" class=\"forminator-label\">Nazwa uczelni: <span class=\"forminator-required\">*<\/span><\/label><input type=\"text\" name=\"text-2\" value=\"\" placeholder=\"\" id=\"forminator-field-text-2_69e76c0c8a48b\" class=\"forminator-input forminator-name--field\" data-required=\"1\" \/><\/div><\/div><\/div><div class=\"forminator-row\"><div id=\"text-3\" class=\"forminator-field-text forminator-col forminator-col-12 \"><div class=\"forminator-field\"><label for=\"forminator-field-text-3_69e76c0c8a48b\" id=\"forminator-field-text-3_69e76c0c8a48b-label\" class=\"forminator-label\">Ko\u0142o naukowe (opcjonalnie):<\/label><input type=\"text\" name=\"text-3\" value=\"\" placeholder=\"\" id=\"forminator-field-text-3_69e76c0c8a48b\" class=\"forminator-input forminator-name--field\" data-required=\"\" \/><\/div><\/div><\/div><div class=\"forminator-row\"><div id=\"checkbox-1\" class=\"forminator-field-checkbox forminator-col forminator-col-12 \"><div role=\"group\" class=\"forminator-field required\" aria-labelledby=\"forminator-checkbox-group-forminator-field-checkbox-1-69e76c0c8a48b-label\"><span id=\"forminator-checkbox-group-forminator-field-checkbox-1-69e76c0c8a48b-label\" class=\"forminator-label\">Zgoda RODO <span class=\"forminator-required\">*<\/span><\/span><label id=\"forminator-field-checkbox-1-1-69e76c0c8a48b-label\" for=\"forminator-field-checkbox-1-1-69e76c0c8a48b\" class=\"forminator-checkbox\" title=\"Wyra\u017cam zgod\u0119 na przetwarzanie danych osobowych zawartych przez mnie w powy\u017cszym formularzu zg\u0142oszeniowym w celu uczestnictwa w konkursie przez Niezale\u017cne Zrzeszenie Student\u00f3w z siedzib\u0105 w Warszawie oraz partner\u00f3w Konkursu Konstrukcji Studenckich\"><input type=\"checkbox\" name=\"checkbox-1[]\" value=\"one\" id=\"forminator-field-checkbox-1-1-69e76c0c8a48b\" aria-labelledby=\"forminator-field-checkbox-1-1-69e76c0c8a48b-label\" data-calculation=\"0\"   data-hidden-behavior=\"zero\"\/><span class=\"forminator-checkbox-box\" aria-hidden=\"true\"><\/span><span class=\"forminator-checkbox-label\">Wyra\u017cam zgod\u0119 na przetwarzanie danych osobowych zawartych przez mnie w powy\u017cszym formularzu zg\u0142oszeniowym w celu uczestnictwa w konkursie przez Niezale\u017cne Zrzeszenie Student\u00f3w z siedzib\u0105 w Warszawie oraz partner\u00f3w Konkursu Konstrukcji Studenckich<\/span><\/label><\/div><\/div><\/div><input type=\"hidden\" name=\"referer_url\" value=\"\" \/><div class=\"forminator-row forminator-row-last\"><div class=\"forminator-col\"><div class=\"forminator-field\"><button class=\"forminator-button forminator-button-submit\">Wy\u015blij zg\u0142oszenie<\/button><\/div><\/div><\/div><input type=\"hidden\" id=\"forminator_nonce\" name=\"forminator_nonce\" value=\"3e814758cc\" \/><input type=\"hidden\" name=\"_wp_http_referer\" value=\"\/index.php\/wp-json\/wp\/v2\/pages\/222\" \/><input type=\"hidden\" name=\"form_id\" value=\"309\"><input type=\"hidden\" name=\"page_id\" value=\"222\"><input type=\"hidden\" name=\"form_type\" value=\"default\"><input type=\"hidden\" name=\"current_url\" value=\"https:\/\/kokos.nzs.org.pl\/index.php\/formularz-zgloszeniowy\/\"><input type=\"hidden\" name=\"render_id\" value=\"0\"><input type=\"hidden\" name=\"action\" value=\"forminator_submit_form_custom-forms\"><\/form><\/div>\n\t\t\t\t\t\t\t\t<\/div>\n\t\t\t\t<\/div>\n\t\t\t\t\t<\/div>\n\t\t\t\t<\/div>\n\t\t\t\t<\/div>\n\t\t","protected":false},"excerpt":{"rendered":"","protected":false},"author":1,"featured_media":0,"parent":0,"menu_order":0,"comment_status":"closed","ping_status":"closed","template":"","meta":{"footnotes":""},"class_list":["post-222","page","type-page","status-publish","hentry"],"blocksy_meta":[],"_links":{"self":[{"href":"https:\/\/kokos.nzs.org.pl\/index.php\/wp-json\/wp\/v2\/pages\/222","targetHints":{"allow":["GET"]}}],"collection":[{"href":"https:\/\/kokos.nzs.org.pl\/index.php\/wp-json\/wp\/v2\/pages"}],"about":[{"href":"https:\/\/kokos.nzs.org.pl\/index.php\/wp-json\/wp\/v2\/types\/page"}],"author":[{"embeddable":true,"href":"https:\/\/kokos.nzs.org.pl\/index.php\/wp-json\/wp\/v2\/users\/1"}],"replies":[{"embeddable":true,"href":"https:\/\/kokos.nzs.org.pl\/index.php\/wp-json\/wp\/v2\/comments?post=222"}],"version-history":[{"count":8,"href":"https:\/\/kokos.nzs.org.pl\/index.php\/wp-json\/wp\/v2\/pages\/222\/revisions"}],"predecessor-version":[{"id":498,"href":"https:\/\/kokos.nzs.org.pl\/index.php\/wp-json\/wp\/v2\/pages\/222\/revisions\/498"}],"wp:attachment":[{"href":"https:\/\/kokos.nzs.org.pl\/index.php\/wp-json\/wp\/v2\/media?parent=222"}],"curies":[{"name":"wp","href":"https:\/\/api.w.org\/{rel}","templated":true}]}}